{"id":676,"date":"2025-11-28T16:20:00","date_gmt":"2025-11-28T16:20:00","guid":{"rendered":"https:\/\/tumpincatering.fi\/?page_id=676"},"modified":"2026-02-16T09:32:59","modified_gmt":"2026-02-16T09:32:59","slug":"galleria","status":"publish","type":"page","link":"https:\/\/tumpincatering.fi\/?page_id=676","title":{"rendered":"Galleria"},"content":{"rendered":"\t\t<div data-elementor-type=\"wp-page\" data-elementor-id=\"676\" class=\"elementor elementor-676\" data-elementor-post-type=\"page\">\n\t\t\t\t\t\t<section class=\"elementor-section elementor-top-section elementor-element elementor-element-67fc7902 elementor-section-boxed elementor-section-height-default elementor-section-height-default\" data-id=\"67fc7902\" data-element_type=\"section\" data-e-type=\"section\" data-settings=\"{&quot;background_background&quot;:&quot;gradient&quot;}\">\n\t\t\t\t\t\t\t<div class=\"elementor-background-overlay\"><\/div>\n\t\t\t\t\t\t\t<div class=\"elementor-container elementor-column-gap-default\">\n\t\t\t\t\t<div class=\"elementor-column elementor-col-100 elementor-top-column elementor-element elementor-element-3d6ffa81\" data-id=\"3d6ffa81\" data-element_type=\"column\" data-e-type=\"column\">\n\t\t\t<div class=\"elementor-widget-wrap elementor-element-populated\">\n\t\t\t\t\t\t<div class=\"elementor-element elementor-element-553b03e3 elementor-invisible elementor-widget elementor-widget-heading\" data-id=\"553b03e3\" data-element_type=\"widget\" data-e-type=\"widget\" data-settings=\"{&quot;_animation&quot;:&quot;fadeInDown&quot;}\" data-widget_type=\"heading.default\">\n\t\t\t\t\t<h1 class=\"elementor-heading-title elementor-size-default\">Galleria<\/h1>\t\t\t\t<\/div>\n\t\t\t\t\t<\/div>\n\t\t<\/div>\n\t\t\t\t\t<\/div>\n\t\t<\/section>\n\t\t\t\t<section class=\"elementor-section elementor-top-section elementor-element elementor-element-ecbb85 elementor-section-boxed elementor-section-height-default elementor-section-height-default\" data-id=\"ecbb85\" data-element_type=\"section\" data-e-type=\"section\">\n\t\t\t\t\t\t<div class=\"elementor-container elementor-column-gap-default\">\n\t\t\t\t\t<div class=\"elementor-column elementor-col-50 elementor-top-column elementor-element elementor-element-f22fc39 elementor-invisible\" data-id=\"f22fc39\" data-element_type=\"column\" data-e-type=\"column\" data-settings=\"{&quot;animation&quot;:&quot;fadeInLeft&quot;}\">\n\t\t\t<div class=\"elementor-widget-wrap elementor-element-populated\">\n\t\t\t\t\t\t<div class=\"elementor-element elementor-element-6ab3a481 elementor-widget elementor-widget-heading\" data-id=\"6ab3a481\" data-element_type=\"widget\" data-e-type=\"widget\" data-widget_type=\"heading.default\">\n\t\t\t\t\t<h2 class=\"elementor-heading-title elementor-size-default\">Galleria.<\/h2>\t\t\t\t<\/div>\n\t\t\t\t<div class=\"elementor-element elementor-element-1661f607 elementor-widget elementor-widget-heading\" data-id=\"1661f607\" data-element_type=\"widget\" data-e-type=\"widget\" data-widget_type=\"heading.default\">\n\t\t\t\t\t<h4 class=\"elementor-heading-title elementor-size-default\">Muutamia kuvia vuosien varrelta.<\/h4>\t\t\t\t<\/div>\n\t\t\t\t\t<\/div>\n\t\t<\/div>\n\t\t\t\t<div class=\"elementor-column elementor-col-50 elementor-top-column elementor-element elementor-element-1eb0245 elementor-invisible\" data-id=\"1eb0245\" data-element_type=\"column\" data-e-type=\"column\" data-settings=\"{&quot;animation&quot;:&quot;fadeInRight&quot;}\">\n\t\t\t<div class=\"elementor-widget-wrap elementor-element-populated\">\n\t\t\t\t\t\t<div class=\"elementor-element elementor-element-59d99cff elementor-widget elementor-widget-text-editor\" data-id=\"59d99cff\" data-element_type=\"widget\" data-e-type=\"widget\" data-widget_type=\"text-editor.default\">\n\t\t\t\t\t\t\t\t\t<p><span class=\"wysiwyg-color\">Tumpin Catering ei tarjoa ainoasta<\/span><span class=\"wysiwyg-color\">an ruokaa, vaan r\u00e4\u00e4t\u00e4l\u00f6i jokaiselle asiakkaalle yksil\u00f6llisen menukokonaisuuden, joka sopii t\u00e4ydellisesti heid\u00e4n tilaisuuteensa. N\u00e4in Tumpin Cateringin henkil\u00f6kunta varmistaa, ett\u00e4 jokainen asiakas saa juuri sen, mit\u00e4 he ovat toivoneet, ja ett\u00e4 tilaisuudesta j\u00e4\u00e4 ikimuistoinen makuel\u00e4mys kaikille osallistujille.<\/span><\/p>\t\t\t\t\t\t\t\t<\/div>\n\t\t\t\t\t<\/div>\n\t\t<\/div>\n\t\t\t\t\t<\/div>\n\t\t<\/section>\n\t\t\t\t<section class=\"elementor-section elementor-top-section elementor-element elementor-element-30d2943b animated-slow elementor-section-boxed elementor-section-height-default elementor-section-height-default elementor-invisible\" data-id=\"30d2943b\" data-element_type=\"section\" data-e-type=\"section\" data-settings=\"{&quot;animation&quot;:&quot;fadeIn&quot;}\">\n\t\t\t\t\t\t<div class=\"elementor-container elementor-column-gap-default\">\n\t\t\t\t\t<div class=\"elementor-column elementor-col-100 elementor-top-column elementor-element elementor-element-4dc2d6cd\" data-id=\"4dc2d6cd\" data-element_type=\"column\" data-e-type=\"column\">\n\t\t\t<div class=\"elementor-widget-wrap elementor-element-populated\">\n\t\t\t\t\t\t<div class=\"elementor-element elementor-element-52a153db elementor-widget elementor-widget-gallery\" data-id=\"52a153db\" data-element_type=\"widget\" data-e-type=\"widget\" data-settings=\"{&quot;columns&quot;:3,&quot;columns_tablet&quot;:3,&quot;columns_mobile&quot;:2,&quot;gap&quot;:{&quot;unit&quot;:&quot;px&quot;,&quot;size&quot;:16,&quot;sizes&quot;:[]},&quot;aspect_ratio&quot;:&quot;4:3&quot;,&quot;lazyload&quot;:&quot;yes&quot;,&quot;gallery_layout&quot;:&quot;grid&quot;,&quot;gap_tablet&quot;:{&quot;unit&quot;:&quot;px&quot;,&quot;size&quot;:10,&quot;sizes&quot;:[]},&quot;gap_mobile&quot;:{&quot;unit&quot;:&quot;px&quot;,&quot;size&quot;:10,&quot;sizes&quot;:[]},&quot;link_to&quot;:&quot;file&quot;,&quot;overlay_background&quot;:&quot;yes&quot;,&quot;content_hover_animation&quot;:&quot;fade-in&quot;}\" data-widget_type=\"gallery.default\">\n\t\t\t\t\t\t\t<div class=\"elementor-gallery__container\">\n\t\t\t\t\t\t\t<a class=\"e-gallery-item elementor-gallery-item elementor-animated-content\" href=\"https:\/\/tumpincatering.fi\/wp-content\/uploads\/2026\/02\/IMG_3296-scaled.jpg\" data-elementor-open-lightbox=\"yes\" data-elementor-lightbox-slideshow=\"52a153db\" data-elementor-lightbox-title=\"IMG_3296\" data-e-action-hash=\"#elementor-action%3Aaction%3Dlightbox%26settings%3DeyJpZCI6MTE5MiwidXJsIjoiaHR0cHM6XC9cL3R1bXBpbmNhdGVyaW5nLmZpXC93cC1jb250ZW50XC91cGxvYWRzXC8yMDI2XC8wMlwvSU1HXzMyOTYtc2NhbGVkLmpwZyIsInNsaWRlc2hvdyI6IjUyYTE1M2RiIn0%3D\">\n\t\t\t\t\t<div class=\"e-gallery-image elementor-gallery-item__image\" data-thumbnail=\"https:\/\/tumpincatering.fi\/wp-content\/uploads\/2026\/02\/IMG_3296-scaled.jpg\" data-width=\"1920\" data-height=\"2560\" aria-label=\"\" role=\"img\" ><\/div>\n\t\t\t\t\t\t\t\t\t\t\t<div class=\"elementor-gallery-item__overlay\"><\/div>\n\t\t\t\t\t\t\t\t\t\t\t\t\t\t<\/a>\n\t\t\t\t\t\t\t<a class=\"e-gallery-item elementor-gallery-item elementor-animated-content\" href=\"https:\/\/tumpincatering.fi\/wp-content\/uploads\/2026\/02\/99818ac6-b1f0-4550-88e9-c853902600e4-scaled.jpg\" data-elementor-open-lightbox=\"yes\" data-elementor-lightbox-slideshow=\"52a153db\" data-elementor-lightbox-title=\"99818ac6-b1f0-4550-88e9-c853902600e4\" data-e-action-hash=\"#elementor-action%3Aaction%3Dlightbox%26settings%3DeyJpZCI6MTE5MSwidXJsIjoiaHR0cHM6XC9cL3R1bXBpbmNhdGVyaW5nLmZpXC93cC1jb250ZW50XC91cGxvYWRzXC8yMDI2XC8wMlwvOTk4MThhYzYtYjFmMC00NTUwLTg4ZTktYzg1MzkwMjYwMGU0LXNjYWxlZC5qcGciLCJzbGlkZXNob3ciOiI1MmExNTNkYiJ9\">\n\t\t\t\t\t<div class=\"e-gallery-image elementor-gallery-item__image\" data-thumbnail=\"https:\/\/tumpincatering.fi\/wp-content\/uploads\/2026\/02\/99818ac6-b1f0-4550-88e9-c853902600e4-scaled.jpg\" data-width=\"2560\" data-height=\"1706\" aria-label=\"\" role=\"img\" ><\/div>\n\t\t\t\t\t\t\t\t\t\t\t<div class=\"elementor-gallery-item__overlay\"><\/div>\n\t\t\t\t\t\t\t\t\t\t\t\t\t\t<\/a>\n\t\t\t\t\t\t\t<a class=\"e-gallery-item elementor-gallery-item elementor-animated-content\" href=\"https:\/\/tumpincatering.fi\/wp-content\/uploads\/2026\/02\/9621f378-4288-46d7-ac48-ce1f2d2e4f56-scaled.jpg\" data-elementor-open-lightbox=\"yes\" data-elementor-lightbox-slideshow=\"52a153db\" data-elementor-lightbox-title=\"9621f378-4288-46d7-ac48-ce1f2d2e4f56\" data-e-action-hash=\"#elementor-action%3Aaction%3Dlightbox%26settings%3DeyJpZCI6MTE5MCwidXJsIjoiaHR0cHM6XC9cL3R1bXBpbmNhdGVyaW5nLmZpXC93cC1jb250ZW50XC91cGxvYWRzXC8yMDI2XC8wMlwvOTYyMWYzNzgtNDI4OC00NmQ3LWFjNDgtY2UxZjJkMmU0ZjU2LXNjYWxlZC5qcGciLCJzbGlkZXNob3ciOiI1MmExNTNkYiJ9\">\n\t\t\t\t\t<div class=\"e-gallery-image elementor-gallery-item__image\" data-thumbnail=\"https:\/\/tumpincatering.fi\/wp-content\/uploads\/2026\/02\/9621f378-4288-46d7-ac48-ce1f2d2e4f56-scaled.jpg\" data-width=\"2560\" data-height=\"1706\" aria-label=\"\" role=\"img\" ><\/div>\n\t\t\t\t\t\t\t\t\t\t\t<div class=\"elementor-gallery-item__overlay\"><\/div>\n\t\t\t\t\t\t\t\t\t\t\t\t\t\t<\/a>\n\t\t\t\t\t\t\t<a class=\"e-gallery-item elementor-gallery-item elementor-animated-content\" href=\"https:\/\/tumpincatering.fi\/wp-content\/uploads\/2026\/02\/928c0791-ee1d-4959-83cf-8a1b82c68f12-scaled.jpg\" data-elementor-open-lightbox=\"yes\" data-elementor-lightbox-slideshow=\"52a153db\" data-elementor-lightbox-title=\"928c0791-ee1d-4959-83cf-8a1b82c68f12\" data-e-action-hash=\"#elementor-action%3Aaction%3Dlightbox%26settings%3DeyJpZCI6MTE4OSwidXJsIjoiaHR0cHM6XC9cL3R1bXBpbmNhdGVyaW5nLmZpXC93cC1jb250ZW50XC91cGxvYWRzXC8yMDI2XC8wMlwvOTI4YzA3OTEtZWUxZC00OTU5LTgzY2YtOGExYjgyYzY4ZjEyLXNjYWxlZC5qcGciLCJzbGlkZXNob3ciOiI1MmExNTNkYiJ9\">\n\t\t\t\t\t<div class=\"e-gallery-image elementor-gallery-item__image\" data-thumbnail=\"https:\/\/tumpincatering.fi\/wp-content\/uploads\/2026\/02\/928c0791-ee1d-4959-83cf-8a1b82c68f12-scaled.jpg\" data-width=\"2560\" data-height=\"1706\" aria-label=\"\" role=\"img\" ><\/div>\n\t\t\t\t\t\t\t\t\t\t\t<div class=\"elementor-gallery-item__overlay\"><\/div>\n\t\t\t\t\t\t\t\t\t\t\t\t\t\t<\/a>\n\t\t\t\t\t\t\t<a class=\"e-gallery-item elementor-gallery-item elementor-animated-content\" href=\"https:\/\/tumpincatering.fi\/wp-content\/uploads\/2026\/02\/623e0bc9-8c23-490e-8e18-b0e458494d31-scaled.jpg\" data-elementor-open-lightbox=\"yes\" data-elementor-lightbox-slideshow=\"52a153db\" data-elementor-lightbox-title=\"623e0bc9-8c23-490e-8e18-b0e458494d31\" data-e-action-hash=\"#elementor-action%3Aaction%3Dlightbox%26settings%3DeyJpZCI6MTE4OCwidXJsIjoiaHR0cHM6XC9cL3R1bXBpbmNhdGVyaW5nLmZpXC93cC1jb250ZW50XC91cGxvYWRzXC8yMDI2XC8wMlwvNjIzZTBiYzktOGMyMy00OTBlLThlMTgtYjBlNDU4NDk0ZDMxLXNjYWxlZC5qcGciLCJzbGlkZXNob3ciOiI1MmExNTNkYiJ9\">\n\t\t\t\t\t<div class=\"e-gallery-image elementor-gallery-item__image\" data-thumbnail=\"https:\/\/tumpincatering.fi\/wp-content\/uploads\/2026\/02\/623e0bc9-8c23-490e-8e18-b0e458494d31-scaled.jpg\" data-width=\"2560\" data-height=\"1706\" aria-label=\"\" role=\"img\" ><\/div>\n\t\t\t\t\t\t\t\t\t\t\t<div class=\"elementor-gallery-item__overlay\"><\/div>\n\t\t\t\t\t\t\t\t\t\t\t\t\t\t<\/a>\n\t\t\t\t\t\t\t<a class=\"e-gallery-item elementor-gallery-item elementor-animated-content\" href=\"https:\/\/tumpincatering.fi\/wp-content\/uploads\/2026\/02\/5a4af6a9-66f0-45ad-a242-a95288661b5a-scaled.jpg\" data-elementor-open-lightbox=\"yes\" data-elementor-lightbox-slideshow=\"52a153db\" data-elementor-lightbox-title=\"5a4af6a9-66f0-45ad-a242-a95288661b5a\" data-e-action-hash=\"#elementor-action%3Aaction%3Dlightbox%26settings%3DeyJpZCI6MTE4NywidXJsIjoiaHR0cHM6XC9cL3R1bXBpbmNhdGVyaW5nLmZpXC93cC1jb250ZW50XC91cGxvYWRzXC8yMDI2XC8wMlwvNWE0YWY2YTktNjZmMC00NWFkLWEyNDItYTk1Mjg4NjYxYjVhLXNjYWxlZC5qcGciLCJzbGlkZXNob3ciOiI1MmExNTNkYiJ9\">\n\t\t\t\t\t<div class=\"e-gallery-image elementor-gallery-item__image\" data-thumbnail=\"https:\/\/tumpincatering.fi\/wp-content\/uploads\/2026\/02\/5a4af6a9-66f0-45ad-a242-a95288661b5a-scaled.jpg\" data-width=\"1706\" data-height=\"2560\" aria-label=\"\" role=\"img\" ><\/div>\n\t\t\t\t\t\t\t\t\t\t\t<div class=\"elementor-gallery-item__overlay\"><\/div>\n\t\t\t\t\t\t\t\t\t\t\t\t\t\t<\/a>\n\t\t\t\t\t\t\t<a class=\"e-gallery-item elementor-gallery-item elementor-animated-content\" href=\"https:\/\/tumpincatering.fi\/wp-content\/uploads\/2026\/02\/2FBD2773-B9AE-4F4B-9DA6-C9A4715AEB01.jpg\" data-elementor-open-lightbox=\"yes\" data-elementor-lightbox-slideshow=\"52a153db\" data-elementor-lightbox-title=\"2FBD2773-B9AE-4F4B-9DA6-C9A4715AEB01\" data-e-action-hash=\"#elementor-action%3Aaction%3Dlightbox%26settings%3DeyJpZCI6MTE4NiwidXJsIjoiaHR0cHM6XC9cL3R1bXBpbmNhdGVyaW5nLmZpXC93cC1jb250ZW50XC91cGxvYWRzXC8yMDI2XC8wMlwvMkZCRDI3NzMtQjlBRS00RjRCLTlEQTYtQzlBNDcxNUFFQjAxLmpwZyIsInNsaWRlc2hvdyI6IjUyYTE1M2RiIn0%3D\">\n\t\t\t\t\t<div class=\"e-gallery-image elementor-gallery-item__image\" data-thumbnail=\"https:\/\/tumpincatering.fi\/wp-content\/uploads\/2026\/02\/2FBD2773-B9AE-4F4B-9DA6-C9A4715AEB01.jpg\" data-width=\"1352\" data-height=\"1019\" aria-label=\"\" role=\"img\" ><\/div>\n\t\t\t\t\t\t\t\t\t\t\t<div class=\"elementor-gallery-item__overlay\"><\/div>\n\t\t\t\t\t\t\t\t\t\t\t\t\t\t<\/a>\n\t\t\t\t\t<\/div>\n\t\t\t\t\t<\/div>\n\t\t\t\t\t<\/div>\n\t\t<\/div>\n\t\t\t\t\t<\/div>\n\t\t<\/section>\n\t\t\t\t<section class=\"elementor-section elementor-top-section elementor-element elementor-element-39810a25 elementor-section-boxed elementor-section-height-default elementor-section-height-default\" data-id=\"39810a25\" data-element_type=\"section\" data-e-type=\"section\" data-settings=\"{&quot;background_background&quot;:&quot;gradient&quot;}\">\n\t\t\t\t\t\t\t<div class=\"elementor-background-overlay\"><\/div>\n\t\t\t\t\t\t\t<div class=\"elementor-container elementor-column-gap-default\">\n\t\t\t\t\t<div class=\"elementor-column elementor-col-50 elementor-top-column elementor-element elementor-element-14925ad2 elementor-invisible\" data-id=\"14925ad2\" data-element_type=\"column\" data-e-type=\"column\" data-settings=\"{&quot;animation&quot;:&quot;fadeInLeft&quot;}\">\n\t\t\t<div class=\"elementor-widget-wrap elementor-element-populated\">\n\t\t\t\t\t\t<div class=\"elementor-element elementor-element-540cd94c elementor-widget elementor-widget-heading\" data-id=\"540cd94c\" data-element_type=\"widget\" data-e-type=\"widget\" data-widget_type=\"heading.default\">\n\t\t\t\t\t<h2 class=\"elementor-heading-title elementor-size-default\">Paikanp\u00e4\u00e4ll\u00e4 savustus.<\/h2>\t\t\t\t<\/div>\n\t\t\t\t<div class=\"elementor-element elementor-element-62c152d8 elementor-widget elementor-widget-text-editor\" data-id=\"62c152d8\" data-element_type=\"widget\" data-e-type=\"widget\" data-widget_type=\"text-editor.default\">\n\t\t\t\t\t\t\t\t\t<p>Tulemme mielell\u00e4\u00e4n paikan p\u00e4\u00e4lle savustamaan herkullista kalaa, joka tarjoillaan suoraan uunista p\u00f6yt\u00e4\u00e4n<\/p>\t\t\t\t\t\t\t\t<\/div>\n\t\t\t\t<div class=\"elementor-element elementor-element-3c35c730 elementor-widget elementor-widget-button\" data-id=\"3c35c730\" data-element_type=\"widget\" data-e-type=\"widget\" data-widget_type=\"button.default\">\n\t\t\t\t\t\t\t\t\t\t<a class=\"elementor-button elementor-button-link elementor-size-md\" href=\"#\">\n\t\t\t\t\t\t<span class=\"elementor-button-content-wrapper\">\n\t\t\t\t\t\t\t\t\t<span class=\"elementor-button-text\">Pyyd\u00e4 tarjous. <\/span>\n\t\t\t\t\t<\/span>\n\t\t\t\t\t<\/a>\n\t\t\t\t\t\t\t\t<\/div>\n\t\t\t\t\t<\/div>\n\t\t<\/div>\n\t\t\t\t<div class=\"elementor-column elementor-col-50 elementor-top-column elementor-element elementor-element-856eff0\" data-id=\"856eff0\" data-element_type=\"column\" data-e-type=\"column\">\n\t\t\t<div class=\"elementor-widget-wrap\">\n\t\t\t\t\t\t\t<\/div>\n\t\t<\/div>\n\t\t\t\t\t<\/div>\n\t\t<\/section>\n\t\t\t\t<section class=\"elementor-section elementor-top-section elementor-element elementor-element-46f18242 elementor-section-boxed elementor-section-height-default elementor-section-height-default\" data-id=\"46f18242\" data-element_type=\"section\" data-e-type=\"section\" data-settings=\"{&quot;background_background&quot;:&quot;classic&quot;}\">\n\t\t\t\t\t\t<div class=\"elementor-container elementor-column-gap-default\">\n\t\t\t\t\t<div class=\"elementor-column elementor-col-100 elementor-top-column elementor-element elementor-element-5a8180fa elementor-invisible\" data-id=\"5a8180fa\" data-element_type=\"column\" data-e-type=\"column\" data-settings=\"{&quot;animation&quot;:&quot;fadeInLeft&quot;}\">\n\t\t\t<div class=\"elementor-widget-wrap elementor-element-populated\">\n\t\t\t\t\t\t<div class=\"elementor-element elementor-element-4041651d elementor-widget elementor-widget-heading\" data-id=\"4041651d\" data-element_type=\"widget\" data-e-type=\"widget\" data-widget_type=\"heading.default\">\n\t\t\t\t\t<h2 class=\"elementor-heading-title elementor-size-default\">Tarjoamme unohtumattomia makuel\u00e4myksi\u00e4 erilaisiin tilaisuuksiin.<\/h2>\t\t\t\t<\/div>\n\t\t\t\t<div class=\"elementor-element elementor-element-750a6229 elementor-widget elementor-widget-text-editor\" data-id=\"750a6229\" data-element_type=\"widget\" data-e-type=\"widget\" data-widget_type=\"text-editor.default\">\n\t\t\t\t\t\t\t\t\t<p>Tarjoamme unohtumattomia makuel\u00e4myksi\u00e4 erilaisiin tilaisuuksiin, kokouksista h\u00e4ihin ja yritystapahtumiin aina 15-100 hengelle. Erikoisuutena meill\u00e4 on itse valmistettu savukala, joka kruunaa jokaisen tilaisuuden ainutlaatuisella maullaan.<\/p>\t\t\t\t\t\t\t\t<\/div>\n\t\t\t\t<section class=\"elementor-section elementor-inner-section elementor-element elementor-element-721955ab elementor-section-boxed elementor-section-height-default elementor-section-height-default\" data-id=\"721955ab\" data-element_type=\"section\" data-e-type=\"section\">\n\t\t\t\t\t\t<div class=\"elementor-container elementor-column-gap-default\">\n\t\t\t\t\t<div class=\"elementor-column elementor-col-50 elementor-inner-column elementor-element elementor-element-1aabc63c\" data-id=\"1aabc63c\" data-element_type=\"column\" data-e-type=\"column\">\n\t\t\t<div class=\"elementor-widget-wrap\">\n\t\t\t\t\t\t\t<\/div>\n\t\t<\/div>\n\t\t\t\t<div class=\"elementor-column elementor-col-50 elementor-inner-column elementor-element elementor-element-c1da018\" data-id=\"c1da018\" data-element_type=\"column\" data-e-type=\"column\">\n\t\t\t<div class=\"elementor-widget-wrap\">\n\t\t\t\t\t\t\t<\/div>\n\t\t<\/div>\n\t\t\t\t\t<\/div>\n\t\t<\/section>\n\t\t\t\t\t<\/div>\n\t\t<\/div>\n\t\t\t\t\t<\/div>\n\t\t<\/section>\n\t\t\t\t<\/div>\n\t\t","protected":false},"excerpt":{"rendered":"<p>Galleria. Muutamia kuvia vuosien varrelta. Tumpin Catering ei tarjoa ainoastaan ruokaa, vaan r\u00e4\u00e4t\u00e4l\u00f6i jokaiselle asiakkaalle yksil\u00f6llisen menukokonaisuuden, joka sopii t\u00e4ydellisesti heid\u00e4n tilaisuuteensa. N\u00e4in Tumpin Cateringin henkil\u00f6kunta varmistaa, ett\u00e4 jokainen asiakas saa juuri sen, mit\u00e4 he ovat toivoneet, ja ett\u00e4 tilaisuudesta j\u00e4\u00e4 ikimuistoinen makuel\u00e4mys kaikille osallistujille. Paikanp\u00e4\u00e4ll\u00e4 savustus. Tulemme mielell\u00e4\u00e4n paikan p\u00e4\u00e4lle savustamaan herkullista kalaa, joka [&hellip;]<\/p>\n","protected":false},"author":1,"featured_media":0,"parent":0,"menu_order":0,"comment_status":"closed","ping_status":"closed","template":"","meta":{"footnotes":""},"class_list":["post-676","page","type-page","status-publish","hentry"],"_links":{"self":[{"href":"https:\/\/tumpincatering.fi\/index.php?rest_route=\/wp\/v2\/pages\/676","targetHints":{"allow":["GET"]}}],"collection":[{"href":"https:\/\/tumpincatering.fi\/index.php?rest_route=\/wp\/v2\/pages"}],"about":[{"href":"https:\/\/tumpincatering.fi\/index.php?rest_route=\/wp\/v2\/types\/page"}],"author":[{"embeddable":true,"href":"https:\/\/tumpincatering.fi\/index.php?rest_route=\/wp\/v2\/users\/1"}],"replies":[{"embeddable":true,"href":"https:\/\/tumpincatering.fi\/index.php?rest_route=%2Fwp%2Fv2%2Fcomments&post=676"}],"version-history":[{"count":19,"href":"https:\/\/tumpincatering.fi\/index.php?rest_route=\/wp\/v2\/pages\/676\/revisions"}],"predecessor-version":[{"id":1200,"href":"https:\/\/tumpincatering.fi\/index.php?rest_route=\/wp\/v2\/pages\/676\/revisions\/1200"}],"wp:attachment":[{"href":"https:\/\/tumpincatering.fi\/index.php?rest_route=%2Fwp%2Fv2%2Fmedia&parent=676"}],"curies":[{"name":"wp","href":"https:\/\/api.w.org\/{rel}","templated":true}]}}