{"id":667,"date":"2025-11-28T16:19:31","date_gmt":"2025-11-28T16:19:31","guid":{"rendered":"https:\/\/tumpincatering.fi\/?page_id=667"},"modified":"2026-02-17T09:01:55","modified_gmt":"2026-02-17T09:01:55","slug":"home","status":"publish","type":"page","link":"https:\/\/tumpincatering.fi\/","title":{"rendered":"Home"},"content":{"rendered":"\t\t<div data-elementor-type=\"wp-post\" data-elementor-id=\"667\" class=\"elementor elementor-667\" data-elementor-post-type=\"page\">\n\t\t\t\t<div class=\"elementor-element elementor-element-d821ffc e-con-full e-flex e-con e-parent\" data-id=\"d821ffc\" data-element_type=\"container\" data-e-type=\"container\" data-settings=\"{&quot;background_background&quot;:&quot;gradient&quot;}\">\n\t\t<div class=\"elementor-element elementor-element-e375b5b e-con-full e-flex elementor-invisible e-con e-child\" data-id=\"e375b5b\" data-element_type=\"container\" data-e-type=\"container\" data-settings=\"{&quot;animation&quot;:&quot;fadeInLeft&quot;}\">\n\t\t\t\t<div class=\"elementor-element elementor-element-256c863 elementor-widget elementor-widget-heading\" data-id=\"256c863\" data-element_type=\"widget\" data-e-type=\"widget\" data-widget_type=\"heading.default\">\n\t\t\t\t\t<div class=\"elementor-heading-title elementor-size-default\">Tervetuloa Tumpin Catering sivuille.<\/div>\t\t\t\t<\/div>\n\t\t\t\t<div class=\"elementor-element elementor-element-df0df62 elementor-widget elementor-widget-heading\" data-id=\"df0df62\" data-element_type=\"widget\" data-e-type=\"widget\" data-widget_type=\"heading.default\">\n\t\t\t\t\t<h1 class=\"elementor-heading-title elementor-size-default\">Tarjoamme ammattitaitoista pitopalvelua.<\/h1>\t\t\t\t<\/div>\n\t\t\t\t<div class=\"elementor-element elementor-element-84d142f elementor-widget elementor-widget-heading\" data-id=\"84d142f\" data-element_type=\"widget\" data-e-type=\"widget\" data-widget_type=\"heading.default\">\n\t\t\t\t\t<h4 class=\"elementor-heading-title elementor-size-default\">Tumpin savukala ei tarjoa ainoastaan ruokaa, vaan r\u00e4\u00e4t\u00e4l\u00f6i jokaiselle asiakkaalle yksil\u00f6llisen menukokonaisuuden, joka sopii t\u00e4ydellisesti heid\u00e4n tilaisuuteensa.<\/h4>\t\t\t\t<\/div>\n\t\t\t\t<div class=\"elementor-element elementor-element-58ec540 elementor-widget elementor-widget-button\" data-id=\"58ec540\" data-element_type=\"widget\" data-e-type=\"widget\" data-widget_type=\"button.default\">\n\t\t\t\t\t\t\t\t\t\t<a class=\"elementor-button elementor-button-link elementor-size-lg\" href=\"https:\/\/tumpincatering.fi\/?page_id=1044\">\n\t\t\t\t\t\t<span class=\"elementor-button-content-wrapper\">\n\t\t\t\t\t\t\t\t\t<span class=\"elementor-button-text\">Tarjouslaskuri.<\/span>\n\t\t\t\t\t<\/span>\n\t\t\t\t\t<\/a>\n\t\t\t\t\t\t\t\t<\/div>\n\t\t\t\t<\/div>\n\t\t<div class=\"elementor-element elementor-element-ea0a8c6 e-con-full e-flex e-con e-child\" data-id=\"ea0a8c6\" data-element_type=\"container\" data-e-type=\"container\">\n\t\t\t\t<\/div>\n\t\t\t\t<\/div>\n\t\t\t\t<section class=\"elementor-section elementor-top-section elementor-element elementor-element-4b3f279c elementor-section-boxed elementor-section-height-default elementor-section-height-default\" data-id=\"4b3f279c\" data-element_type=\"section\" data-e-type=\"section\" data-settings=\"{&quot;background_background&quot;:&quot;classic&quot;}\">\n\t\t\t\t\t\t\t<div class=\"elementor-background-overlay\"><\/div>\n\t\t\t\t\t\t\t<div class=\"elementor-container elementor-column-gap-default\">\n\t\t\t\t\t<div class=\"elementor-column elementor-col-50 elementor-top-column elementor-element elementor-element-49f4dfb5 elementor-invisible\" data-id=\"49f4dfb5\" data-element_type=\"column\" data-e-type=\"column\" data-settings=\"{&quot;animation&quot;:&quot;fadeInLeft&quot;}\">\n\t\t\t<div class=\"elementor-widget-wrap elementor-element-populated\">\n\t\t\t\t\t\t<div class=\"elementor-element elementor-element-1d259c79 elementor-widget elementor-widget-heading\" data-id=\"1d259c79\" data-element_type=\"widget\" data-e-type=\"widget\" data-widget_type=\"heading.default\">\n\t\t\t\t\t<h6 class=\"elementor-heading-title elementor-size-default\">Tietoa meist\u00e4<\/h6>\t\t\t\t<\/div>\n\t\t\t\t<div class=\"elementor-element elementor-element-72ba3cf1 elementor-widget elementor-widget-heading\" data-id=\"72ba3cf1\" data-element_type=\"widget\" data-e-type=\"widget\" data-widget_type=\"heading.default\">\n\t\t\t\t\t<h2 class=\"elementor-heading-title elementor-size-default\">Tumpin savukala.<\/h2>\t\t\t\t<\/div>\n\t\t\t\t<div class=\"elementor-element elementor-element-49b8d78e elementor-widget elementor-widget-text-editor\" data-id=\"49b8d78e\" data-element_type=\"widget\" data-e-type=\"widget\" data-widget_type=\"text-editor.default\">\n\t\t\t\t\t\t\t\t\t<p><span class=\"wysiwyg-font-size-20\"><span class=\"wysiwyg-color\">Tarjoamme unohtumattomia makuel\u00e4myksi\u00e4 erilaisiin tilaisuuksiin, kokouksista h\u00e4ihin ja yritystapahtumiin aina 15-250 hengelle. Erikoisuutena meill\u00e4 on itse valmistettu savukala, joka kruunaa jokaisen tilaisuuden ainutlaatuisella maullaan.<\/span><\/span><\/p><p><span class=\"wysiwyg-font-size-20\"><span class=\"wysiwyg-color\">Tulemme mielell\u00e4\u00e4n paikan p\u00e4\u00e4lle savustamaan herkullista kalaa, joka tarjoillaan suoraan uunista p\u00f6yt\u00e4\u00e4n, t\u00e4ydennettyn\u00e4 herkullisilla lisukkeilla. T\u00e4m\u00e4 ainutlaatuinen el\u00e4mys varmistaa, ett\u00e4 vieraat p\u00e4\u00e4sev\u00e4t nauttimaan tuoreesta ja laadukkaasta savukalasta suoraan valmistuspaikasta.<\/span><\/span><\/p><p><span class=\"wysiwyg-font-size-20\"><span class=\"wysiwyg-color\">Kes\u00e4isin olemme tien p\u00e4\u00e4ll\u00e4 savustamassa erilaisissa tapahtumissa Uudellamaalla.<\/span><\/span><\/p>\t\t\t\t\t\t\t\t<\/div>\n\t\t\t\t<div class=\"elementor-element elementor-element-50bfdfdc elementor-widget elementor-widget-button\" data-id=\"50bfdfdc\" data-element_type=\"widget\" data-e-type=\"widget\" data-widget_type=\"button.default\">\n\t\t\t\t\t\t\t\t\t\t<a class=\"elementor-button elementor-button-link elementor-size-md\" href=\"https:\/\/tumpincatering.fi\/?page_id=1096\">\n\t\t\t\t\t\t<span class=\"elementor-button-content-wrapper\">\n\t\t\t\t\t\t\t\t\t<span class=\"elementor-button-text\">Ota yhteytt\u00e4.<\/span>\n\t\t\t\t\t<\/span>\n\t\t\t\t\t<\/a>\n\t\t\t\t\t\t\t\t<\/div>\n\t\t\t\t\t<\/div>\n\t\t<\/div>\n\t\t\t\t<div class=\"elementor-column elementor-col-50 elementor-top-column elementor-element elementor-element-5bdcdf28 elementor-invisible\" data-id=\"5bdcdf28\" data-element_type=\"column\" data-e-type=\"column\" data-settings=\"{&quot;animation&quot;:&quot;fadeInRight&quot;,&quot;background_background&quot;:&quot;classic&quot;}\">\n\t\t\t<div class=\"elementor-widget-wrap elementor-element-populated\">\n\t\t\t\t\t<div class=\"elementor-background-overlay\"><\/div>\n\t\t\t\t\t\t<div class=\"elementor-element elementor-element-68e060 elementor-widget elementor-widget-image\" data-id=\"68e060\" data-element_type=\"widget\" data-e-type=\"widget\" data-widget_type=\"image.default\">\n\t\t\t\t\t\t\t\t\t\t\t\t\t\t\t<img fetchpriority=\"high\" decoding=\"async\" width=\"2000\" height=\"1335\" src=\"https:\/\/tumpincatering.fi\/wp-content\/uploads\/2025\/12\/leikkaus.jpg\" class=\"attachment-full size-full wp-image-861\" alt=\"\" srcset=\"https:\/\/tumpincatering.fi\/wp-content\/uploads\/2025\/12\/leikkaus.jpg 2000w, https:\/\/tumpincatering.fi\/wp-content\/uploads\/2025\/12\/leikkaus-300x200.jpg 300w, https:\/\/tumpincatering.fi\/wp-content\/uploads\/2025\/12\/leikkaus-1024x684.jpg 1024w, https:\/\/tumpincatering.fi\/wp-content\/uploads\/2025\/12\/leikkaus-768x513.jpg 768w, https:\/\/tumpincatering.fi\/wp-content\/uploads\/2025\/12\/leikkaus-1536x1025.jpg 1536w\" sizes=\"(max-width: 2000px) 100vw, 2000px\" \/>\t\t\t\t\t\t\t\t\t\t\t\t\t\t\t<\/div>\n\t\t\t\t\t<\/div>\n\t\t<\/div>\n\t\t\t\t\t<\/div>\n\t\t<\/section>\n\t\t\t\t<section class=\"elementor-section elementor-top-section elementor-element elementor-element-44c802f2 elementor-section-boxed elementor-section-height-default elementor-section-height-default\" data-id=\"44c802f2\" data-element_type=\"section\" data-e-type=\"section\" data-settings=\"{&quot;background_background&quot;:&quot;gradient&quot;}\">\n\t\t\t\t\t\t\t<div class=\"elementor-background-overlay\"><\/div>\n\t\t\t\t\t\t\t<div class=\"elementor-container elementor-column-gap-default\">\n\t\t\t\t\t<div class=\"elementor-column elementor-col-50 elementor-top-column elementor-element elementor-element-787bd647 elementor-invisible\" data-id=\"787bd647\" data-element_type=\"column\" data-e-type=\"column\" data-settings=\"{&quot;animation&quot;:&quot;fadeInLeft&quot;}\">\n\t\t\t<div class=\"elementor-widget-wrap elementor-element-populated\">\n\t\t\t\t\t\t<div class=\"elementor-element elementor-element-4c82951d elementor-widget elementor-widget-heading\" data-id=\"4c82951d\" data-element_type=\"widget\" data-e-type=\"widget\" data-widget_type=\"heading.default\">\n\t\t\t\t\t<h2 class=\"elementor-heading-title elementor-size-default\">Yhteisty\u00f6ss\u00e4 <\/h2>\t\t\t\t<\/div>\n\t\t\t\t<div class=\"elementor-element elementor-element-51eb9fb2 elementor-widget elementor-widget-text-editor\" data-id=\"51eb9fb2\" data-element_type=\"widget\" data-e-type=\"widget\" data-widget_type=\"text-editor.default\">\n\t\t\t\t\t\t\t\t\t<p>J\u00e4rjest\u00e4mme laadukasta pitopalvelua yhteisty\u00f6ss\u00e4 Aava Linesin kanssa. <br \/>Aava Lines Oy tarjoaa tilausristeilyit\u00e4 Helsingin ja Espoon merellisiss\u00e4 maisemissa. <br \/>Tutustu lis\u00e4\u00e4 linkist\u00e4.<\/p>\t\t\t\t\t\t\t\t<\/div>\n\t\t\t\t<div class=\"elementor-element elementor-element-38286773 elementor-widget elementor-widget-button\" data-id=\"38286773\" data-element_type=\"widget\" data-e-type=\"widget\" data-widget_type=\"button.default\">\n\t\t\t\t\t\t\t\t\t\t<a class=\"elementor-button elementor-button-link elementor-size-md\" href=\"https:\/\/aavalines.fi\/\" target=\"_blank\">\n\t\t\t\t\t\t<span class=\"elementor-button-content-wrapper\">\n\t\t\t\t\t\t\t\t\t<span class=\"elementor-button-text\">Aava Lines Oy<\/span>\n\t\t\t\t\t<\/span>\n\t\t\t\t\t<\/a>\n\t\t\t\t\t\t\t\t<\/div>\n\t\t\t\t\t<\/div>\n\t\t<\/div>\n\t\t\t\t<div class=\"elementor-column elementor-col-50 elementor-top-column elementor-element elementor-element-678004f1\" data-id=\"678004f1\" data-element_type=\"column\" data-e-type=\"column\">\n\t\t\t<div class=\"elementor-widget-wrap\">\n\t\t\t\t\t\t\t<\/div>\n\t\t<\/div>\n\t\t\t\t\t<\/div>\n\t\t<\/section>\n\t\t\t\t<section class=\"elementor-section elementor-top-section elementor-element elementor-element-7136b746 elementor-section-boxed elementor-section-height-default elementor-section-height-default\" data-id=\"7136b746\" data-element_type=\"section\" data-e-type=\"section\" data-settings=\"{&quot;background_background&quot;:&quot;classic&quot;}\">\n\t\t\t\t\t\t\t<div class=\"elementor-background-overlay\"><\/div>\n\t\t\t\t\t\t\t<div class=\"elementor-container elementor-column-gap-default\">\n\t\t\t\t\t<div class=\"elementor-column elementor-col-50 elementor-top-column elementor-element elementor-element-6a07284e elementor-invisible\" data-id=\"6a07284e\" data-element_type=\"column\" data-e-type=\"column\" data-settings=\"{&quot;animation&quot;:&quot;fadeInRight&quot;}\">\n\t\t\t<div class=\"elementor-widget-wrap elementor-element-populated\">\n\t\t\t\t\t\t<div class=\"elementor-element elementor-element-39257c8d elementor-widget elementor-widget-heading\" data-id=\"39257c8d\" data-element_type=\"widget\" data-e-type=\"widget\" data-widget_type=\"heading.default\">\n\t\t\t\t\t<h6 class=\"elementor-heading-title elementor-size-default\">Erikoisuutemme<\/h6>\t\t\t\t<\/div>\n\t\t\t\t<div class=\"elementor-element elementor-element-6a65c67a elementor-widget elementor-widget-heading\" data-id=\"6a65c67a\" data-element_type=\"widget\" data-e-type=\"widget\" data-widget_type=\"heading.default\">\n\t\t\t\t\t<h2 class=\"elementor-heading-title elementor-size-default\">Erikoisuutena meill\u00e4 on itse valmistettu savukala.<\/h2>\t\t\t\t<\/div>\n\t\t\t\t<div class=\"elementor-element elementor-element-24fe3e28 elementor-widget elementor-widget-text-editor\" data-id=\"24fe3e28\" data-element_type=\"widget\" data-e-type=\"widget\" data-widget_type=\"text-editor.default\">\n\t\t\t\t\t\t\t\t\t<p>Tulemme mielell\u00e4\u00e4n paikan p\u00e4\u00e4lle savustamaan herkullista kalaa, joka tarjoillaan suoraan uunista p\u00f6yt\u00e4\u00e4n, t\u00e4ydennettyn\u00e4 herkullisilla lisukkeilla. T\u00e4m\u00e4 ainutlaatuinen el\u00e4mys varmistaa, ett\u00e4 vieraat p\u00e4\u00e4sev\u00e4t nauttimaan tuoreesta ja laadukkaasta savukalasta suoraan valmistuspaikasta.<\/p>\t\t\t\t\t\t\t\t<\/div>\n\t\t\t\t\t<\/div>\n\t\t<\/div>\n\t\t\t\t<div class=\"elementor-column elementor-col-50 elementor-top-column elementor-element elementor-element-3e031ee9\" data-id=\"3e031ee9\" data-element_type=\"column\" data-e-type=\"column\">\n\t\t\t<div class=\"elementor-widget-wrap elementor-element-populated\">\n\t\t\t\t\t\t<section class=\"elementor-section elementor-inner-section elementor-element elementor-element-658429d3 elementor-section-boxed elementor-section-height-default elementor-section-height-default\" data-id=\"658429d3\" data-element_type=\"section\" data-e-type=\"section\">\n\t\t\t\t\t\t<div class=\"elementor-container elementor-column-gap-default\">\n\t\t\t\t\t<div class=\"elementor-column elementor-col-100 elementor-inner-column elementor-element elementor-element-565d225a elementor-invisible\" data-id=\"565d225a\" data-element_type=\"column\" data-e-type=\"column\" data-settings=\"{&quot;animation&quot;:&quot;fadeInUp&quot;}\">\n\t\t\t<div class=\"elementor-widget-wrap elementor-element-populated\">\n\t\t\t\t\t\t<div class=\"elementor-element elementor-element-57802fc0 elementor-widget elementor-widget-image\" data-id=\"57802fc0\" data-element_type=\"widget\" data-e-type=\"widget\" data-widget_type=\"image.default\">\n\t\t\t\t\t\t\t\t\t\t\t\t\t\t\t<img decoding=\"async\" width=\"1199\" height=\"1365\" src=\"https:\/\/tumpincatering.fi\/wp-content\/uploads\/2025\/12\/Savustus_1199x1365.jpg\" class=\"attachment-full size-full wp-image-867\" alt=\"\" srcset=\"https:\/\/tumpincatering.fi\/wp-content\/uploads\/2025\/12\/Savustus_1199x1365.jpg 1199w, https:\/\/tumpincatering.fi\/wp-content\/uploads\/2025\/12\/Savustus_1199x1365-264x300.jpg 264w, https:\/\/tumpincatering.fi\/wp-content\/uploads\/2025\/12\/Savustus_1199x1365-899x1024.jpg 899w, https:\/\/tumpincatering.fi\/wp-content\/uploads\/2025\/12\/Savustus_1199x1365-768x874.jpg 768w\" sizes=\"(max-width: 1199px) 100vw, 1199px\" \/>\t\t\t\t\t\t\t\t\t\t\t\t\t\t\t<\/div>\n\t\t\t\t\t<\/div>\n\t\t<\/div>\n\t\t\t\t\t<\/div>\n\t\t<\/section>\n\t\t\t\t\t<\/div>\n\t\t<\/div>\n\t\t\t\t\t<\/div>\n\t\t<\/section>\n\t\t\t\t<section class=\"elementor-section elementor-top-section elementor-element elementor-element-239ae75 elementor-section-boxed elementor-section-height-default elementor-section-height-default\" data-id=\"239ae75\" data-element_type=\"section\" data-e-type=\"section\" data-settings=\"{&quot;background_background&quot;:&quot;gradient&quot;}\">\n\t\t\t\t\t\t\t<div class=\"elementor-background-overlay\"><\/div>\n\t\t\t\t\t\t\t<div class=\"elementor-container elementor-column-gap-default\">\n\t\t\t\t\t<div class=\"elementor-column elementor-col-50 elementor-top-column elementor-element elementor-element-0abff63 elementor-invisible\" data-id=\"0abff63\" data-element_type=\"column\" data-e-type=\"column\" data-settings=\"{&quot;animation&quot;:&quot;fadeInLeft&quot;}\">\n\t\t\t<div class=\"elementor-widget-wrap elementor-element-populated\">\n\t\t\t\t\t\t<div class=\"elementor-element elementor-element-c5c4bfd elementor-widget elementor-widget-heading\" data-id=\"c5c4bfd\" data-element_type=\"widget\" data-e-type=\"widget\" data-widget_type=\"heading.default\">\n\t\t\t\t\t<h2 class=\"elementor-heading-title elementor-size-default\">Paikanp\u00e4\u00e4ll\u00e4 savustus.<\/h2>\t\t\t\t<\/div>\n\t\t\t\t<div class=\"elementor-element elementor-element-49aaef0 elementor-widget elementor-widget-text-editor\" data-id=\"49aaef0\" data-element_type=\"widget\" data-e-type=\"widget\" data-widget_type=\"text-editor.default\">\n\t\t\t\t\t\t\t\t\t<p>Tulemme mielell\u00e4\u00e4n paikan p\u00e4\u00e4lle savustamaan herkullista kalaa, joka tarjoillaan suoraan uunista p\u00f6yt\u00e4\u00e4n<\/p>\t\t\t\t\t\t\t\t<\/div>\n\t\t\t\t<div class=\"elementor-element elementor-element-80de8c1 elementor-widget elementor-widget-button\" data-id=\"80de8c1\" data-element_type=\"widget\" data-e-type=\"widget\" data-widget_type=\"button.default\">\n\t\t\t\t\t\t\t\t\t\t<a class=\"elementor-button elementor-button-link elementor-size-md\" href=\"https:\/\/tumpincatering.fi\/?page_id=1096\">\n\t\t\t\t\t\t<span class=\"elementor-button-content-wrapper\">\n\t\t\t\t\t\t\t\t\t<span class=\"elementor-button-text\">Pyyd\u00e4 tarjous. <\/span>\n\t\t\t\t\t<\/span>\n\t\t\t\t\t<\/a>\n\t\t\t\t\t\t\t\t<\/div>\n\t\t\t\t\t<\/div>\n\t\t<\/div>\n\t\t\t\t<div class=\"elementor-column elementor-col-50 elementor-top-column elementor-element elementor-element-d2486e3\" data-id=\"d2486e3\" data-element_type=\"column\" data-e-type=\"column\">\n\t\t\t<div class=\"elementor-widget-wrap\">\n\t\t\t\t\t\t\t<\/div>\n\t\t<\/div>\n\t\t\t\t\t<\/div>\n\t\t<\/section>\n\t\t<div class=\"elementor-element elementor-element-7a697fa e-flex e-con-boxed e-con e-parent\" data-id=\"7a697fa\" data-element_type=\"container\" data-e-type=\"container\">\n\t\t\t\t\t<div class=\"e-con-inner\">\n\t\t\t\t<div class=\"elementor-element elementor-element-93fd8ec elementor-widget elementor-widget-spacer\" data-id=\"93fd8ec\" data-element_type=\"widget\" data-e-type=\"widget\" data-widget_type=\"spacer.default\">\n\t\t\t\t\t\t\t<div class=\"elementor-spacer\">\n\t\t\t<div class=\"elementor-spacer-inner\"><\/div>\n\t\t<\/div>\n\t\t\t\t\t\t<\/div>\n\t\t\t\t\t<\/div>\n\t\t\t\t<\/div>\n\t\t\t\t<section class=\"elementor-section elementor-top-section elementor-element elementor-element-9416a48 elementor-section-boxed elementor-section-height-default elementor-section-height-default\" data-id=\"9416a48\" data-element_type=\"section\" data-e-type=\"section\" data-settings=\"{&quot;background_background&quot;:&quot;classic&quot;}\">\n\t\t\t\t\t\t\t<div class=\"elementor-background-overlay\"><\/div>\n\t\t\t\t\t\t\t<div class=\"elementor-container elementor-column-gap-default\">\n\t\t\t\t\t<div class=\"elementor-column elementor-col-50 elementor-top-column elementor-element elementor-element-9a16817 elementor-invisible\" data-id=\"9a16817\" data-element_type=\"column\" data-e-type=\"column\" data-settings=\"{&quot;animation&quot;:&quot;fadeInRight&quot;}\">\n\t\t\t<div class=\"elementor-widget-wrap elementor-element-populated\">\n\t\t\t\t\t\t<div class=\"elementor-element elementor-element-800b130 elementor-widget elementor-widget-heading\" data-id=\"800b130\" data-element_type=\"widget\" data-e-type=\"widget\" data-widget_type=\"heading.default\">\n\t\t\t\t\t<h6 class=\"elementor-heading-title elementor-size-default\">Oiva-raportti<\/h6>\t\t\t\t<\/div>\n\t\t\t\t<div class=\"elementor-element elementor-element-53b6b12 elementor-widget elementor-widget-heading\" data-id=\"53b6b12\" data-element_type=\"widget\" data-e-type=\"widget\" data-widget_type=\"heading.default\">\n\t\t\t\t\t<h2 class=\"elementor-heading-title elementor-size-default\">Toimimme laadukkaasti ja vastuullisesti.<\/h2>\t\t\t\t<\/div>\n\t\t\t\t<div class=\"elementor-element elementor-element-8e3c2fb elementor-widget elementor-widget-text-editor\" data-id=\"8e3c2fb\" data-element_type=\"widget\" data-e-type=\"widget\" data-widget_type=\"text-editor.default\">\n\t\t\t\t\t\t\t\t\t<p>T\u00e4ss\u00e4 on meid\u00e4n Oiva-raporttimme.<\/p><p><strong>Oiva<\/strong> on elintarvikevalvontatietojen julkaisuj\u00e4rjestelm\u00e4. Elintarvikevalvontatietoja syntyy, kun elintarvikevalvontaviranomaiset tarkastavat elintarvikealan yrityksi\u00e4. Valvontatiedot julkaistaan hymynaamoina Oiva-raporteissa.<\/p>\t\t\t\t\t\t\t\t<\/div>\n\t\t\t\t\t<\/div>\n\t\t<\/div>\n\t\t\t\t<div class=\"elementor-column elementor-col-50 elementor-top-column elementor-element elementor-element-304b3a1\" data-id=\"304b3a1\" data-element_type=\"column\" data-e-type=\"column\">\n\t\t\t<div class=\"elementor-widget-wrap elementor-element-populated\">\n\t\t\t\t\t\t<section class=\"elementor-section elementor-inner-section elementor-element elementor-element-6ffc771 elementor-section-boxed elementor-section-height-default elementor-section-height-default\" data-id=\"6ffc771\" data-element_type=\"section\" data-e-type=\"section\">\n\t\t\t\t\t\t<div class=\"elementor-container elementor-column-gap-default\">\n\t\t\t\t\t<div class=\"elementor-column elementor-col-100 elementor-inner-column elementor-element elementor-element-1d1ed44 elementor-invisible\" data-id=\"1d1ed44\" data-element_type=\"column\" data-e-type=\"column\" data-settings=\"{&quot;animation&quot;:&quot;fadeInUp&quot;}\">\n\t\t\t<div class=\"elementor-widget-wrap elementor-element-populated\">\n\t\t\t\t\t\t<div class=\"elementor-element elementor-element-532936b elementor-widget elementor-widget-image\" data-id=\"532936b\" data-element_type=\"widget\" data-e-type=\"widget\" data-widget_type=\"image.default\">\n\t\t\t\t\t\t\t\t\t\t\t\t\t\t\t<img decoding=\"async\" width=\"1199\" height=\"1365\" src=\"https:\/\/tumpincatering.fi\/wp-content\/uploads\/2026\/02\/Oiva2026.jpg\" class=\"attachment-full size-full wp-image-1220\" alt=\"\" srcset=\"https:\/\/tumpincatering.fi\/wp-content\/uploads\/2026\/02\/Oiva2026.jpg 1199w, https:\/\/tumpincatering.fi\/wp-content\/uploads\/2026\/02\/Oiva2026-264x300.jpg 264w, https:\/\/tumpincatering.fi\/wp-content\/uploads\/2026\/02\/Oiva2026-899x1024.jpg 899w, https:\/\/tumpincatering.fi\/wp-content\/uploads\/2026\/02\/Oiva2026-768x874.jpg 768w\" sizes=\"(max-width: 1199px) 100vw, 1199px\" \/>\t\t\t\t\t\t\t\t\t\t\t\t\t\t\t<\/div>\n\t\t\t\t\t<\/div>\n\t\t<\/div>\n\t\t\t\t\t<\/div>\n\t\t<\/section>\n\t\t\t\t\t<\/div>\n\t\t<\/div>\n\t\t\t\t\t<\/div>\n\t\t<\/section>\n\t\t\t\t<section class=\"elementor-section elementor-top-section elementor-element elementor-element-13a70d26 elementor-section-boxed elementor-section-height-default elementor-section-height-default\" data-id=\"13a70d26\" data-element_type=\"section\" data-e-type=\"section\" data-settings=\"{&quot;background_background&quot;:&quot;gradient&quot;}\">\n\t\t\t\t\t\t\t<div class=\"elementor-background-overlay\"><\/div>\n\t\t\t\t\t\t\t<div class=\"elementor-container elementor-column-gap-default\">\n\t\t\t\t\t<div class=\"elementor-column elementor-col-100 elementor-top-column elementor-element elementor-element-b7413b5 elementor-invisible\" data-id=\"b7413b5\" data-element_type=\"column\" data-e-type=\"column\" data-settings=\"{&quot;animation&quot;:&quot;fadeInDown&quot;}\">\n\t\t\t<div class=\"elementor-widget-wrap elementor-element-populated\">\n\t\t\t\t\t\t<div class=\"elementor-element elementor-element-5d06908 elementor-widget elementor-widget-heading\" data-id=\"5d06908\" data-element_type=\"widget\" data-e-type=\"widget\" data-widget_type=\"heading.default\">\n\t\t\t\t\t<h6 class=\"elementor-heading-title elementor-size-default\">Pyyd\u00e4 tarjous juhlillesi<\/h6>\t\t\t\t<\/div>\n\t\t\t\t<div class=\"elementor-element elementor-element-33911a19 elementor-widget elementor-widget-heading\" data-id=\"33911a19\" data-element_type=\"widget\" data-e-type=\"widget\" data-widget_type=\"heading.default\">\n\t\t\t\t\t<h2 class=\"elementor-heading-title elementor-size-default\">Juhlista ikimuistoiset.<\/h2>\t\t\t\t<\/div>\n\t\t\t\t<div class=\"elementor-element elementor-element-368562d3 elementor-widget elementor-widget-text-editor\" data-id=\"368562d3\" data-element_type=\"widget\" data-e-type=\"widget\" data-widget_type=\"text-editor.default\">\n\t\t\t\t\t\t\t\t\t<p><span class=\"wysiwyg-color\">Tumpin savukala ei tarjoa ainoasta<\/span><span class=\"wysiwyg-color\">an ruokaa, vaan r\u00e4\u00e4t\u00e4l\u00f6i jokaiselle asiakkaalle yksil\u00f6llisen menukokonaisuuden.<\/span><\/p>\t\t\t\t\t\t\t\t<\/div>\n\t\t\t\t\t<\/div>\n\t\t<\/div>\n\t\t\t\t\t<\/div>\n\t\t<\/section>\n\t\t\t\t<\/div>\n\t\t","protected":false},"excerpt":{"rendered":"<p>Tervetuloa Tumpin Catering sivuille. Tarjoamme ammattitaitoista pitopalvelua. Tumpin savukala ei tarjoa ainoastaan ruokaa, vaan r\u00e4\u00e4t\u00e4l\u00f6i jokaiselle asiakkaalle yksil\u00f6llisen menukokonaisuuden, joka sopii t\u00e4ydellisesti heid\u00e4n tilaisuuteensa. Tarjouslaskuri. Tietoa meist\u00e4 Tumpin savukala. Tarjoamme unohtumattomia makuel\u00e4myksi\u00e4 erilaisiin tilaisuuksiin, kokouksista h\u00e4ihin ja yritystapahtumiin aina 15-250 hengelle. Erikoisuutena meill\u00e4 on itse valmistettu savukala, joka kruunaa jokaisen tilaisuuden ainutlaatuisella maullaan. Tulemme mielell\u00e4\u00e4n [&hellip;]<\/p>\n","protected":false},"author":1,"featured_media":0,"parent":0,"menu_order":0,"comment_status":"closed","ping_status":"closed","template":"elementor_header_footer","meta":{"footnotes":""},"class_list":["post-667","page","type-page","status-publish","hentry"],"_links":{"self":[{"href":"https:\/\/tumpincatering.fi\/index.php?rest_route=\/wp\/v2\/pages\/667","targetHints":{"allow":["GET"]}}],"collection":[{"href":"https:\/\/tumpincatering.fi\/index.php?rest_route=\/wp\/v2\/pages"}],"about":[{"href":"https:\/\/tumpincatering.fi\/index.php?rest_route=\/wp\/v2\/types\/page"}],"author":[{"embeddable":true,"href":"https:\/\/tumpincatering.fi\/index.php?rest_route=\/wp\/v2\/users\/1"}],"replies":[{"embeddable":true,"href":"https:\/\/tumpincatering.fi\/index.php?rest_route=%2Fwp%2Fv2%2Fcomments&post=667"}],"version-history":[{"count":55,"href":"https:\/\/tumpincatering.fi\/index.php?rest_route=\/wp\/v2\/pages\/667\/revisions"}],"predecessor-version":[{"id":1253,"href":"https:\/\/tumpincatering.fi\/index.php?rest_route=\/wp\/v2\/pages\/667\/revisions\/1253"}],"wp:attachment":[{"href":"https:\/\/tumpincatering.fi\/index.php?rest_route=%2Fwp%2Fv2%2Fmedia&parent=667"}],"curies":[{"name":"wp","href":"https:\/\/api.w.org\/{rel}","templated":true}]}}