{"id":1044,"date":"2025-12-01T12:13:47","date_gmt":"2025-12-01T12:13:47","guid":{"rendered":"https:\/\/tumpincatering.fi\/?page_id=1044"},"modified":"2026-02-04T11:25:32","modified_gmt":"2026-02-04T11:25:32","slug":"buffet-laskuri","status":"publish","type":"page","link":"https:\/\/tumpincatering.fi\/?page_id=1044","title":{"rendered":"Buffet laskuri"},"content":{"rendered":"\t\t<div data-elementor-type=\"wp-page\" data-elementor-id=\"1044\" class=\"elementor elementor-1044\" data-elementor-post-type=\"page\">\n\t\t\t\t\t\t<section class=\"elementor-section elementor-top-section elementor-element elementor-element-5c7b8366 elementor-section-boxed elementor-section-height-default elementor-section-height-default\" data-id=\"5c7b8366\" data-element_type=\"section\" data-e-type=\"section\" data-settings=\"{&quot;background_background&quot;:&quot;gradient&quot;}\">\n\t\t\t\t\t\t\t<div class=\"elementor-background-overlay\"><\/div>\n\t\t\t\t\t\t\t<div class=\"elementor-container elementor-column-gap-default\">\n\t\t\t\t\t<div class=\"elementor-column elementor-col-100 elementor-top-column elementor-element elementor-element-1e83af38 elementor-invisible\" data-id=\"1e83af38\" data-element_type=\"column\" data-e-type=\"column\" data-settings=\"{&quot;animation&quot;:&quot;fadeInDown&quot;}\">\n\t\t\t<div class=\"elementor-widget-wrap elementor-element-populated\">\n\t\t\t\t\t\t<div class=\"elementor-element elementor-element-7e4dcd95 elementor-widget elementor-widget-heading\" data-id=\"7e4dcd95\" data-element_type=\"widget\" data-e-type=\"widget\" data-widget_type=\"heading.default\">\n\t\t\t\t\t<h6 class=\"elementor-heading-title elementor-size-default\">Tarjous helposti<\/h6>\t\t\t\t<\/div>\n\t\t\t\t<div class=\"elementor-element elementor-element-7db8b9ff elementor-widget elementor-widget-heading\" data-id=\"7db8b9ff\" data-element_type=\"widget\" data-e-type=\"widget\" data-widget_type=\"heading.default\">\n\t\t\t\t\t<h2 class=\"elementor-heading-title elementor-size-default\">Buffet laskuri<\/h2>\t\t\t\t<\/div>\n\t\t\t\t<div class=\"elementor-element elementor-element-1d05032c elementor-widget elementor-widget-text-editor\" data-id=\"1d05032c\" data-element_type=\"widget\" data-e-type=\"widget\" data-widget_type=\"text-editor.default\">\n\t\t\t\t\t\t\t\t\t<p>Laskurilla voit laskea helposti kustannukset.\u00a0<\/p>\t\t\t\t\t\t\t\t<\/div>\n\t\t\t\t\t<\/div>\n\t\t<\/div>\n\t\t\t\t\t<\/div>\n\t\t<\/section>\n\t\t\t\t<section class=\"elementor-section elementor-top-section elementor-element elementor-element-7130b2b1 elementor-section-boxed elementor-section-height-default elementor-section-height-default\" data-id=\"7130b2b1\" data-element_type=\"section\" data-e-type=\"section\">\n\t\t\t\t\t\t<div class=\"elementor-container elementor-column-gap-default\">\n\t\t\t\t\t<div class=\"elementor-column elementor-col-100 elementor-top-column elementor-element elementor-element-5511ce42\" data-id=\"5511ce42\" data-element_type=\"column\" data-e-type=\"column\">\n\t\t\t<div class=\"elementor-widget-wrap elementor-element-populated\">\n\t\t\t\t\t\t<div class=\"elementor-element elementor-element-39a49e6b elementor-widget elementor-widget-heading\" data-id=\"39a49e6b\" data-element_type=\"widget\" data-e-type=\"widget\" data-widget_type=\"heading.default\">\n\t\t\t\t\t<h6 class=\"elementor-heading-title elementor-size-default\">T\u00e4ydellinen Catering<\/h6>\t\t\t\t<\/div>\n\t\t\t\t<div class=\"elementor-element elementor-element-3b24271e elementor-widget elementor-widget-heading\" data-id=\"3b24271e\" data-element_type=\"widget\" data-e-type=\"widget\" data-widget_type=\"heading.default\">\n\t\t\t\t\t<h2 class=\"elementor-heading-title elementor-size-default\">Laske tarjous<\/h2>\t\t\t\t<\/div>\n\t\t\t\t<div class=\"elementor-element elementor-element-a1a1787 elementor-widget elementor-widget-text-editor\" data-id=\"a1a1787\" data-element_type=\"widget\" data-e-type=\"widget\" data-widget_type=\"text-editor.default\">\n\t\t\t\t\t\t\t\t\t<p><strong>Buffetkoneella t\u00e4ydellinen Catering valintasi mukaan<\/strong><\/p><p>K\u00e4yt\u00f6ss\u00e4si on innovatiivinen buffetkone, joka mahdollistaa juuri sinulle sopivan catering-kokonaisuuden suunnittelun tilaisuuteesi &#8211; valitse herkulliset ruoat, juomat, astiat, p\u00f6yt\u00e4liinat, tarjoilijat ja kuljetuksen helposti ja nopeasti.<\/p><p>Runsas valikoima takaa monipuolisen kattaustarjonnan. Kun olet t\u00e4ytt\u00e4nyt buffetkoneen, henkil\u00f6kuntamme ottaa sinuun yhteytt\u00e4 ja antaa tarjouksen. Tyypillinen menukokonaisuus sis\u00e4lt\u00e4\u00e4 noin 8-10 ruokalajia, esimerkiksi yhden leiv\u00e4n ja levitteen, noin kolme salaattia, kylm\u00e4n kalan \/ lihan, yhden p\u00e4\u00e4ruoan lisukkeineen sek\u00e4 j\u00e4lkiruoan!<\/p>\t\t\t\t\t\t\t\t<\/div>\n\t\t\t\t<div class=\"elementor-element elementor-element-e9d941c elementor-widget elementor-widget-html\" data-id=\"e9d941c\" data-element_type=\"widget\" data-e-type=\"widget\" data-widget_type=\"html.default\">\n\t\t\t\t\t<div id=\"dealcater-frame\"><\/div>\n\n<div id=\"dealcater-frame\"><\/div>\n<script src=\"https:\/\/embed.dealcater.com\/js\/embed.js\" data-apikey=\"2dd23f08b9826c01\" data-container=\"#dealcater-frame\" data-currency=\"EUR\" data-m_id1=\"314\"><\/script>\t\t\t\t<\/div>\n\t\t\t\t\t<\/div>\n\t\t<\/div>\n\t\t\t\t\t<\/div>\n\t\t<\/section>\n\t\t\t\t<\/div>\n\t\t","protected":false},"excerpt":{"rendered":"<p>Tarjous helposti Buffet laskuri Laskurilla voit laskea helposti kustannukset.\u00a0 T\u00e4ydellinen Catering Laske tarjous Buffetkoneella t\u00e4ydellinen Catering valintasi mukaan K\u00e4yt\u00f6ss\u00e4si on innovatiivinen buffetkone, joka mahdollistaa juuri sinulle sopivan catering-kokonaisuuden suunnittelun tilaisuuteesi &#8211; valitse herkulliset ruoat, juomat, astiat, p\u00f6yt\u00e4liinat, tarjoilijat ja kuljetuksen helposti ja nopeasti. Runsas valikoima takaa monipuolisen kattaustarjonnan. Kun olet t\u00e4ytt\u00e4nyt buffetkoneen, henkil\u00f6kuntamme ottaa sinuun [&hellip;]<\/p>\n","protected":false},"author":1,"featured_media":0,"parent":0,"menu_order":0,"comment_status":"closed","ping_status":"closed","template":"","meta":{"footnotes":""},"class_list":["post-1044","page","type-page","status-publish","hentry"],"_links":{"self":[{"href":"https:\/\/tumpincatering.fi\/index.php?rest_route=\/wp\/v2\/pages\/1044","targetHints":{"allow":["GET"]}}],"collection":[{"href":"https:\/\/tumpincatering.fi\/index.php?rest_route=\/wp\/v2\/pages"}],"about":[{"href":"https:\/\/tumpincatering.fi\/index.php?rest_route=\/wp\/v2\/types\/page"}],"author":[{"embeddable":true,"href":"https:\/\/tumpincatering.fi\/index.php?rest_route=\/wp\/v2\/users\/1"}],"replies":[{"embeddable":true,"href":"https:\/\/tumpincatering.fi\/index.php?rest_route=%2Fwp%2Fv2%2Fcomments&post=1044"}],"version-history":[{"count":28,"href":"https:\/\/tumpincatering.fi\/index.php?rest_route=\/wp\/v2\/pages\/1044\/revisions"}],"predecessor-version":[{"id":1181,"href":"https:\/\/tumpincatering.fi\/index.php?rest_route=\/wp\/v2\/pages\/1044\/revisions\/1181"}],"wp:attachment":[{"href":"https:\/\/tumpincatering.fi\/index.php?rest_route=%2Fwp%2Fv2%2Fmedia&parent=1044"}],"curies":[{"name":"wp","href":"https:\/\/api.w.org\/{rel}","templated":true}]}}